{"id":281,"date":"2024-02-09T23:31:49","date_gmt":"2024-02-09T22:31:49","guid":{"rendered":"https:\/\/soyreflexion.com\/?page_id=281"},"modified":"2024-04-11T16:03:33","modified_gmt":"2024-04-11T14:03:33","slug":"articulos","status":"publish","type":"page","link":"https:\/\/soyreflexion.com\/index.php\/articulos\/","title":{"rendered":"ARTICULOS"},"content":{"rendered":"\t\t<div data-elementor-type=\"wp-page\" data-elementor-id=\"281\" class=\"elementor elementor-281\">\n\t\t\t\t\t\t<section class=\"elementor-section elementor-top-section elementor-element elementor-element-929d664 elementor-reverse-tablet elementor-reverse-mobile elementor-section-boxed elementor-section-height-default elementor-section-height-default\" data-id=\"929d664\" data-element_type=\"section\" data-settings=\"{&quot;background_background&quot;:&quot;classic&quot;,&quot;shape_divider_bottom&quot;:&quot;pyramids&quot;,&quot;shape_divider_bottom_negative&quot;:&quot;yes&quot;}\">\n\t\t\t\t\t\t\t<div class=\"elementor-background-overlay\"><\/div>\n\t\t\t\t\t\t<div class=\"elementor-shape elementor-shape-bottom\" data-negative=\"true\">\n\t\t\t<svg xmlns=\"http:\/\/www.w3.org\/2000\/svg\" viewBox=\"0 0 1000 100\" preserveAspectRatio=\"none\">\n\t<path class=\"elementor-shape-fill\" d=\"M761.9,40.6L643.1,24L333.9,93.8L0.1,1H0v99h1000V1\"\/>\n<\/svg>\t\t<\/div>\n\t\t\t\t\t<div class=\"elementor-container elementor-column-gap-default\">\n\t\t\t\t\t<div class=\"elementor-column elementor-col-100 elementor-top-column elementor-element elementor-element-5da01e1\" data-id=\"5da01e1\" data-element_type=\"column\" data-settings=\"{&quot;background_background&quot;:&quot;classic&quot;}\">\n\t\t\t<div class=\"elementor-widget-wrap elementor-element-populated\">\n\t\t\t\t\t\t<div class=\"elementor-element elementor-element-25b8fac1 elementor-widget elementor-widget-heading\" data-id=\"25b8fac1\" data-element_type=\"widget\" data-widget_type=\"heading.default\">\n\t\t\t\t<div class=\"elementor-widget-container\">\n\t\t\t<style>\/*! elementor - v3.19.0 - 29-01-2024 *\/\n.elementor-heading-title{padding:0;margin:0;line-height:1}.elementor-widget-heading .elementor-heading-title[class*=elementor-size-]>a{color:inherit;font-size:inherit;line-height:inherit}.elementor-widget-heading .elementor-heading-title.elementor-size-small{font-size:15px}.elementor-widget-heading .elementor-heading-title.elementor-size-medium{font-size:19px}.elementor-widget-heading .elementor-heading-title.elementor-size-large{font-size:29px}.elementor-widget-heading .elementor-heading-title.elementor-size-xl{font-size:39px}.elementor-widget-heading .elementor-heading-title.elementor-size-xxl{font-size:59px}<\/style><h2 class=\"elementor-heading-title elementor-size-default\">ARTICULOS<\/h2>\t\t<\/div>\n\t\t\t\t<\/div>\n\t\t\t\t\t<\/div>\n\t\t<\/div>\n\t\t\t\t\t<\/div>\n\t\t<\/section>\n\t\t\t\t<section class=\"elementor-section elementor-top-section elementor-element elementor-element-2fdba7b4 elementor-section-full_width elementor-section-height-default elementor-section-height-default\" data-id=\"2fdba7b4\" data-element_type=\"section\">\n\t\t\t\t\t\t<div class=\"elementor-container elementor-column-gap-default\">\n\t\t\t\t\t<div class=\"elementor-column elementor-col-100 elementor-top-column elementor-element elementor-element-13691446\" data-id=\"13691446\" data-element_type=\"column\">\n\t\t\t<div class=\"elementor-widget-wrap elementor-element-populated\">\n\t\t\t\t\t\t<section class=\"elementor-section elementor-inner-section elementor-element elementor-element-5250b2c4 elementor-section-boxed elementor-section-height-default elementor-section-height-default\" data-id=\"5250b2c4\" data-element_type=\"section\">\n\t\t\t\t\t\t<div class=\"elementor-container elementor-column-gap-default\">\n\t\t\t\t\t<div class=\"elementor-column elementor-col-100 elementor-inner-column elementor-element elementor-element-4358f5d8\" data-id=\"4358f5d8\" data-element_type=\"column\">\n\t\t\t<div class=\"elementor-widget-wrap elementor-element-populated\">\n\t\t\t\t\t\t<div class=\"elementor-element elementor-element-4903f1a7 elementor-widget__width-auto elementor-widget elementor-widget-heading\" data-id=\"4903f1a7\" data-element_type=\"widget\" data-widget_type=\"heading.default\">\n\t\t\t\t<div class=\"elementor-widget-container\">\n\t\t\t<h2 class=\"elementor-heading-title elementor-size-default\">SECCI\u00d3N DE<\/h2>\t\t<\/div>\n\t\t\t\t<\/div>\n\t\t\t\t<div class=\"elementor-element elementor-element-30b88bb1 elementor-widget__width-auto elementor-widget elementor-widget-heading\" data-id=\"30b88bb1\" data-element_type=\"widget\" data-widget_type=\"heading.default\">\n\t\t\t\t<div class=\"elementor-widget-container\">\n\t\t\t<h2 class=\"elementor-heading-title elementor-size-default\">Art\u00edculo<\/h2>\t\t<\/div>\n\t\t\t\t<\/div>\n\t\t\t\t<div class=\"elementor-element elementor-element-3d5f4c1d elementor-widget elementor-widget-text-editor\" data-id=\"3d5f4c1d\" data-element_type=\"widget\" data-widget_type=\"text-editor.default\">\n\t\t\t\t<div class=\"elementor-widget-container\">\n\t\t\t<style>\/*! elementor - v3.19.0 - 29-01-2024 *\/\n.elementor-widget-text-editor.elementor-drop-cap-view-stacked .elementor-drop-cap{background-color:#69727d;color:#fff}.elementor-widget-text-editor.elementor-drop-cap-view-framed .elementor-drop-cap{color:#69727d;border:3px solid;background-color:transparent}.elementor-widget-text-editor:not(.elementor-drop-cap-view-default) .elementor-drop-cap{margin-top:8px}.elementor-widget-text-editor:not(.elementor-drop-cap-view-default) .elementor-drop-cap-letter{width:1em;height:1em}.elementor-widget-text-editor .elementor-drop-cap{float:left;text-align:center;line-height:1;font-size:50px}.elementor-widget-text-editor .elementor-drop-cap-letter{display:inline-block}<\/style>\t\t\t\t<p>\u00a1Bienvenido a nuestra secci\u00f3n de art\u00edculos, donde la inspiraci\u00f3n y la reflexi\u00f3n se entrelazan! Explora una variedad de temas dise\u00f1ados para nutrir tu mente, cuerpo y esp\u00edritu<\/p>\t\t\t\t\t\t<\/div>\n\t\t\t\t<\/div>\n\t\t\t\t\t<\/div>\n\t\t<\/div>\n\t\t\t\t\t<\/div>\n\t\t<\/section>\n\t\t\t\t<div class=\"elementor-element elementor-element-557d89c3 elementor-widget elementor-widget-jkit_post_block\" data-id=\"557d89c3\" data-element_type=\"widget\" data-widget_type=\"jkit_post_block.default\">\n\t\t\t\t<div class=\"elementor-widget-container\">\n\t\t\t<div  class=\"jeg-elementor-kit jkit-postblock postblock-type-3 jkit-pagination-nextprev post-element jeg_module___69e1cc3b2952e\"  data-id=\"jeg_module___69e1cc3b2952e\" data-settings=\"{&quot;post_type&quot;:&quot;post&quot;,&quot;number_post&quot;:{&quot;unit&quot;:&quot;px&quot;,&quot;size&quot;:6,&quot;sizes&quot;:[]},&quot;post_offset&quot;:1,&quot;unique_content&quot;:&quot;unique2&quot;,&quot;include_post&quot;:&quot;&quot;,&quot;exclude_post&quot;:&quot;&quot;,&quot;include_category&quot;:&quot;&quot;,&quot;exclude_category&quot;:&quot;&quot;,&quot;include_author&quot;:&quot;&quot;,&quot;include_tag&quot;:&quot;&quot;,&quot;exclude_tag&quot;:&quot;&quot;,&quot;sort_by&quot;:&quot;latest&quot;,&quot;pagination_mode&quot;:&quot;nextprev&quot;,&quot;pagination_loadmore_text&quot;:&quot;Load More&quot;,&quot;pagination_loading_text&quot;:&quot;Loading...&quot;,&quot;pagination_number_post&quot;:{&quot;unit&quot;:&quot;px&quot;,&quot;size&quot;:3,&quot;sizes&quot;:[]},&quot;pagination_scroll_limit&quot;:0,&quot;pagination_icon&quot;:{&quot;value&quot;:&quot;&quot;,&quot;library&quot;:&quot;&quot;},&quot;pagination_icon_position&quot;:&quot;before&quot;,&quot;st_category_position&quot;:&quot;left&quot;,&quot;sg_content_postblock_type&quot;:&quot;type-3&quot;,&quot;sg_content_element_order&quot;:&quot;title,meta,excerpt,read&quot;,&quot;sg_content_breakpoint&quot;:&quot;tablet&quot;,&quot;sg_content_title_html_tag&quot;:&quot;h3&quot;,&quot;sg_content_category_enable&quot;:&quot;yes&quot;,&quot;sg_content_excerpt_enable&quot;:&quot;yes&quot;,&quot;sg_content_excerpt_length&quot;:{&quot;unit&quot;:&quot;px&quot;,&quot;size&quot;:&quot;25&quot;,&quot;sizes&quot;:[]},&quot;sg_content_excerpt_more&quot;:&quot;&quot;,&quot;sg_content_readmore_enable&quot;:&quot;yes&quot;,&quot;sg_content_readmore_icon&quot;:{&quot;value&quot;:&quot;fas fa-caret-right&quot;,&quot;library&quot;:&quot;fa-solid&quot;},&quot;sg_content_readmore_icon_position&quot;:&quot;before&quot;,&quot;sg_content_readmore_text&quot;:&quot;Leer m\\u00e1s&quot;,&quot;sg_content_comment_enable&quot;:&quot;&quot;,&quot;sg_content_comment_icon&quot;:{&quot;value&quot;:&quot;fas fa-comment&quot;,&quot;library&quot;:&quot;fa-solid&quot;},&quot;sg_content_comment_icon_position&quot;:&quot;before&quot;,&quot;sg_content_meta_enable&quot;:&quot;&quot;,&quot;sg_content_meta_author_enable&quot;:&quot;&quot;,&quot;sg_content_meta_author_by_text&quot;:&quot;&quot;,&quot;sg_content_meta_author_icon&quot;:{&quot;value&quot;:&quot;&quot;,&quot;library&quot;:&quot;&quot;},&quot;sg_content_meta_author_icon_position&quot;:&quot;after&quot;,&quot;sg_content_meta_date_enable&quot;:&quot;yes&quot;,&quot;sg_content_meta_date_type&quot;:&quot;published&quot;,&quot;sg_content_meta_date_format&quot;:&quot;default&quot;,&quot;sg_content_meta_date_format_custom&quot;:&quot;F j, Y&quot;,&quot;sg_content_meta_date_icon&quot;:{&quot;value&quot;:&quot;&quot;,&quot;library&quot;:&quot;&quot;},&quot;sg_content_meta_date_icon_position&quot;:&quot;before&quot;,&quot;sg_content_image_size_imagesize_size&quot;:&quot;full&quot;,&quot;paged&quot;:1,&quot;class&quot;:&quot;jkit_post_block&quot;}\"><div class=\"jkit-block-container\"><div class=\"jkit-posts jkit-ajax-flag\">\n            <article class=\"jkit-post post-392 post type-post status-publish format-standard has-post-thumbnail hentry category-articulo tag-reflexion-del-dia\">\n                    <div class=\"jkit-thumb\"><a href=\"https:\/\/soyreflexion.com\/index.php\/2024\/02\/22\/como-llevar-a-cabo-nuestras-metas\/\"><div class=\"thumbnail-container \">\n            <img fetchpriority=\"high\" decoding=\"async\" width=\"1000\" height=\"600\" src=\"https:\/\/soyreflexion.com\/wp-content\/uploads\/2024\/02\/Sin-titulo-1000-x-600-px.png\" class=\"attachment-full size-full wp-post-image\" alt=\"\" srcset=\"https:\/\/soyreflexion.com\/wp-content\/uploads\/2024\/02\/Sin-titulo-1000-x-600-px.png 1000w, https:\/\/soyreflexion.com\/wp-content\/uploads\/2024\/02\/Sin-titulo-1000-x-600-px-300x180.png 300w, https:\/\/soyreflexion.com\/wp-content\/uploads\/2024\/02\/Sin-titulo-1000-x-600-px-768x461.png 768w, https:\/\/soyreflexion.com\/wp-content\/uploads\/2024\/02\/Sin-titulo-1000-x-600-px-600x360.png 600w\" sizes=\"(max-width: 1000px) 100vw, 1000px\" \/>\n        <\/div><\/a><div class=\"jkit-post-category position-left\"><span><a href=\"https:\/\/soyreflexion.com\/index.php\/category\/articulo\/\" class=\"category-articulo\">ARTICULO<\/a><\/span><\/div><\/div>\n                    <div class=\"jkit-postblock-content\"><h3 class=\"jkit-post-title\">\n\t\t\t\t\t\t\t<a href=\"https:\/\/soyreflexion.com\/index.php\/2024\/02\/22\/como-llevar-a-cabo-nuestras-metas\/\">\u00bfC\u00d3MO LLEVAR A CABO NUESTRAS METAS?<\/a>\n\t\t\t\t\t\t<\/h3><div class=\"jkit-post-excerpt\"><p>Lo primero que se debe hacer para llevar a cabo nuestras metas, es saber que decisiones tomar y c\u00f3mo hacerlo en el momento indicado.<\/p><\/div><div class=\"jkit-post-meta-bottom\">\n\t\t\t\t\t\t\t<div class=\"jkit-meta-readmore icon-position-before\">\n                <a href=\"https:\/\/soyreflexion.com\/index.php\/2024\/02\/22\/como-llevar-a-cabo-nuestras-metas\/\" class=\"jkit-readmore\"><svg aria-hidden=\"true\" class=\"e-font-icon-svg e-fas-caret-right\" viewBox=\"0 0 192 512\" xmlns=\"http:\/\/www.w3.org\/2000\/svg\"><path d=\"M0 384.662V127.338c0-17.818 21.543-26.741 34.142-14.142l128.662 128.662c7.81 7.81 7.81 20.474 0 28.284L34.142 398.804C21.543 411.404 0 402.48 0 384.662z\"><\/path><\/svg>Leer m\u00e1s<\/a>\n            <\/div>\n\t\t\t\t\t\t<\/div><\/div>\n                <\/article><article class=\"jkit-post post-389 post type-post status-publish format-standard has-post-thumbnail hentry category-articulo\">\n                    <div class=\"jkit-thumb\"><a href=\"https:\/\/soyreflexion.com\/index.php\/2024\/02\/22\/la-culpa\/\"><div class=\"thumbnail-container \">\n            <img decoding=\"async\" width=\"1000\" height=\"600\" src=\"https:\/\/soyreflexion.com\/wp-content\/uploads\/2024\/02\/Sin-titulo-1000-x-600-px-4.png\" class=\"attachment-full size-full wp-post-image\" alt=\"\" srcset=\"https:\/\/soyreflexion.com\/wp-content\/uploads\/2024\/02\/Sin-titulo-1000-x-600-px-4.png 1000w, https:\/\/soyreflexion.com\/wp-content\/uploads\/2024\/02\/Sin-titulo-1000-x-600-px-4-300x180.png 300w, https:\/\/soyreflexion.com\/wp-content\/uploads\/2024\/02\/Sin-titulo-1000-x-600-px-4-768x461.png 768w, https:\/\/soyreflexion.com\/wp-content\/uploads\/2024\/02\/Sin-titulo-1000-x-600-px-4-600x360.png 600w\" sizes=\"(max-width: 1000px) 100vw, 1000px\" \/>\n        <\/div><\/a><div class=\"jkit-post-category position-left\"><span><a href=\"https:\/\/soyreflexion.com\/index.php\/category\/articulo\/\" class=\"category-articulo\">ARTICULO<\/a><\/span><\/div><\/div>\n                    <div class=\"jkit-postblock-content\"><h3 class=\"jkit-post-title\">\n\t\t\t\t\t\t\t<a href=\"https:\/\/soyreflexion.com\/index.php\/2024\/02\/22\/la-culpa\/\">La Culpa<\/a>\n\t\t\t\t\t\t<\/h3><div class=\"jkit-post-excerpt\"><p>Hace alrededor de dos a\u00f1o, en mi c\u00edrculo m\u00e1s apegado, una persona muy cercana cometi\u00f3 un acto muy desastroso. Le ped\u00ed que se entregue a<\/p><\/div><div class=\"jkit-post-meta-bottom\">\n\t\t\t\t\t\t\t<div class=\"jkit-meta-readmore icon-position-before\">\n                <a href=\"https:\/\/soyreflexion.com\/index.php\/2024\/02\/22\/la-culpa\/\" class=\"jkit-readmore\"><svg aria-hidden=\"true\" class=\"e-font-icon-svg e-fas-caret-right\" viewBox=\"0 0 192 512\" xmlns=\"http:\/\/www.w3.org\/2000\/svg\"><path d=\"M0 384.662V127.338c0-17.818 21.543-26.741 34.142-14.142l128.662 128.662c7.81 7.81 7.81 20.474 0 28.284L34.142 398.804C21.543 411.404 0 402.48 0 384.662z\"><\/path><\/svg>Leer m\u00e1s<\/a>\n            <\/div>\n\t\t\t\t\t\t<\/div><\/div>\n                <\/article><article class=\"jkit-post post-386 post type-post status-publish format-standard has-post-thumbnail hentry category-articulo\">\n                    <div class=\"jkit-thumb\"><a href=\"https:\/\/soyreflexion.com\/index.php\/2024\/02\/22\/el-aborto\/\"><div class=\"thumbnail-container \">\n            <img decoding=\"async\" width=\"2000\" height=\"2200\" src=\"https:\/\/soyreflexion.com\/wp-content\/uploads\/2024\/02\/Diseno-sin-titulo-5-1.png\" class=\"attachment-full size-full wp-post-image\" alt=\"\" srcset=\"https:\/\/soyreflexion.com\/wp-content\/uploads\/2024\/02\/Diseno-sin-titulo-5-1.png 2000w, https:\/\/soyreflexion.com\/wp-content\/uploads\/2024\/02\/Diseno-sin-titulo-5-1-273x300.png 273w, https:\/\/soyreflexion.com\/wp-content\/uploads\/2024\/02\/Diseno-sin-titulo-5-1-931x1024.png 931w, https:\/\/soyreflexion.com\/wp-content\/uploads\/2024\/02\/Diseno-sin-titulo-5-1-768x845.png 768w, https:\/\/soyreflexion.com\/wp-content\/uploads\/2024\/02\/Diseno-sin-titulo-5-1-1396x1536.png 1396w, https:\/\/soyreflexion.com\/wp-content\/uploads\/2024\/02\/Diseno-sin-titulo-5-1-1862x2048.png 1862w, https:\/\/soyreflexion.com\/wp-content\/uploads\/2024\/02\/Diseno-sin-titulo-5-1-600x660.png 600w\" sizes=\"(max-width: 2000px) 100vw, 2000px\" \/>\n        <\/div><\/a><div class=\"jkit-post-category position-left\"><span><a href=\"https:\/\/soyreflexion.com\/index.php\/category\/articulo\/\" class=\"category-articulo\">ARTICULO<\/a><\/span><\/div><\/div>\n                    <div class=\"jkit-postblock-content\"><h3 class=\"jkit-post-title\">\n\t\t\t\t\t\t\t<a href=\"https:\/\/soyreflexion.com\/index.php\/2024\/02\/22\/el-aborto\/\">EL ABORTO<\/a>\n\t\t\t\t\t\t<\/h3><div class=\"jkit-post-excerpt\"><p>Mientras yo meditaba en este tema, me vinieron a memoria varias personas muy cercanas a mi, que hab\u00edan practicado el aborto. Una de ellas es<\/p><\/div><div class=\"jkit-post-meta-bottom\">\n\t\t\t\t\t\t\t<div class=\"jkit-meta-readmore icon-position-before\">\n                <a href=\"https:\/\/soyreflexion.com\/index.php\/2024\/02\/22\/el-aborto\/\" class=\"jkit-readmore\"><svg aria-hidden=\"true\" class=\"e-font-icon-svg e-fas-caret-right\" viewBox=\"0 0 192 512\" xmlns=\"http:\/\/www.w3.org\/2000\/svg\"><path d=\"M0 384.662V127.338c0-17.818 21.543-26.741 34.142-14.142l128.662 128.662c7.81 7.81 7.81 20.474 0 28.284L34.142 398.804C21.543 411.404 0 402.48 0 384.662z\"><\/path><\/svg>Leer m\u00e1s<\/a>\n            <\/div>\n\t\t\t\t\t\t<\/div><\/div>\n                <\/article><article class=\"jkit-post post-383 post type-post status-publish format-standard has-post-thumbnail hentry category-articulo\">\n                    <div class=\"jkit-thumb\"><a href=\"https:\/\/soyreflexion.com\/index.php\/2024\/02\/22\/es-jesus-quien-afirmaba-ser\/\"><div class=\"thumbnail-container \">\n            <img loading=\"lazy\" decoding=\"async\" width=\"2000\" height=\"2200\" src=\"https:\/\/soyreflexion.com\/wp-content\/uploads\/2024\/02\/Diseno-sin-titulo-3-1.png\" class=\"attachment-full size-full wp-post-image\" alt=\"\" srcset=\"https:\/\/soyreflexion.com\/wp-content\/uploads\/2024\/02\/Diseno-sin-titulo-3-1.png 2000w, https:\/\/soyreflexion.com\/wp-content\/uploads\/2024\/02\/Diseno-sin-titulo-3-1-273x300.png 273w, https:\/\/soyreflexion.com\/wp-content\/uploads\/2024\/02\/Diseno-sin-titulo-3-1-931x1024.png 931w, https:\/\/soyreflexion.com\/wp-content\/uploads\/2024\/02\/Diseno-sin-titulo-3-1-768x845.png 768w, https:\/\/soyreflexion.com\/wp-content\/uploads\/2024\/02\/Diseno-sin-titulo-3-1-1396x1536.png 1396w, https:\/\/soyreflexion.com\/wp-content\/uploads\/2024\/02\/Diseno-sin-titulo-3-1-1862x2048.png 1862w, https:\/\/soyreflexion.com\/wp-content\/uploads\/2024\/02\/Diseno-sin-titulo-3-1-600x660.png 600w\" sizes=\"(max-width: 2000px) 100vw, 2000px\" \/>\n        <\/div><\/a><div class=\"jkit-post-category position-left\"><span><a href=\"https:\/\/soyreflexion.com\/index.php\/category\/articulo\/\" class=\"category-articulo\">ARTICULO<\/a><\/span><\/div><\/div>\n                    <div class=\"jkit-postblock-content\"><h3 class=\"jkit-post-title\">\n\t\t\t\t\t\t\t<a href=\"https:\/\/soyreflexion.com\/index.php\/2024\/02\/22\/es-jesus-quien-afirmaba-ser\/\">\u00bfEs Jes\u00fas quien afirmaba ser?<\/a>\n\t\t\t\t\t\t<\/h3><div class=\"jkit-post-excerpt\"><p>Cuando se les pide a los cristianos que presentan evidencias de que sus creencias est\u00e1n basadas en la verdad y no en leyendas e ilusiones,<\/p><\/div><div class=\"jkit-post-meta-bottom\">\n\t\t\t\t\t\t\t<div class=\"jkit-meta-readmore icon-position-before\">\n                <a href=\"https:\/\/soyreflexion.com\/index.php\/2024\/02\/22\/es-jesus-quien-afirmaba-ser\/\" class=\"jkit-readmore\"><svg aria-hidden=\"true\" class=\"e-font-icon-svg e-fas-caret-right\" viewBox=\"0 0 192 512\" xmlns=\"http:\/\/www.w3.org\/2000\/svg\"><path d=\"M0 384.662V127.338c0-17.818 21.543-26.741 34.142-14.142l128.662 128.662c7.81 7.81 7.81 20.474 0 28.284L34.142 398.804C21.543 411.404 0 402.48 0 384.662z\"><\/path><\/svg>Leer m\u00e1s<\/a>\n            <\/div>\n\t\t\t\t\t\t<\/div><\/div>\n                <\/article><article class=\"jkit-post post-380 post type-post status-publish format-standard has-post-thumbnail hentry category-articulo\">\n                    <div class=\"jkit-thumb\"><a href=\"https:\/\/soyreflexion.com\/index.php\/2024\/02\/22\/la-depresion\/\"><div class=\"thumbnail-container \">\n            <img loading=\"lazy\" decoding=\"async\" width=\"2000\" height=\"2200\" src=\"https:\/\/soyreflexion.com\/wp-content\/uploads\/2024\/02\/Diseno-sin-titulo-2-2.png\" class=\"attachment-full size-full wp-post-image\" alt=\"\" srcset=\"https:\/\/soyreflexion.com\/wp-content\/uploads\/2024\/02\/Diseno-sin-titulo-2-2.png 2000w, https:\/\/soyreflexion.com\/wp-content\/uploads\/2024\/02\/Diseno-sin-titulo-2-2-273x300.png 273w, https:\/\/soyreflexion.com\/wp-content\/uploads\/2024\/02\/Diseno-sin-titulo-2-2-931x1024.png 931w, https:\/\/soyreflexion.com\/wp-content\/uploads\/2024\/02\/Diseno-sin-titulo-2-2-768x845.png 768w, https:\/\/soyreflexion.com\/wp-content\/uploads\/2024\/02\/Diseno-sin-titulo-2-2-1396x1536.png 1396w, https:\/\/soyreflexion.com\/wp-content\/uploads\/2024\/02\/Diseno-sin-titulo-2-2-1862x2048.png 1862w, https:\/\/soyreflexion.com\/wp-content\/uploads\/2024\/02\/Diseno-sin-titulo-2-2-600x660.png 600w\" sizes=\"(max-width: 2000px) 100vw, 2000px\" \/>\n        <\/div><\/a><div class=\"jkit-post-category position-left\"><span><a href=\"https:\/\/soyreflexion.com\/index.php\/category\/articulo\/\" class=\"category-articulo\">ARTICULO<\/a><\/span><\/div><\/div>\n                    <div class=\"jkit-postblock-content\"><h3 class=\"jkit-post-title\">\n\t\t\t\t\t\t\t<a href=\"https:\/\/soyreflexion.com\/index.php\/2024\/02\/22\/la-depresion\/\">La Depresi\u00f3n<\/a>\n\t\t\t\t\t\t<\/h3><div class=\"jkit-post-excerpt\"><p>La depresi\u00f3n puede llegar a hacerse cr\u00f3nica o recurrente y dificultar sensiblemente el desempe\u00f1o en el trabajo o la escuela y la capacidad para afrontar<\/p><\/div><div class=\"jkit-post-meta-bottom\">\n\t\t\t\t\t\t\t<div class=\"jkit-meta-readmore icon-position-before\">\n                <a href=\"https:\/\/soyreflexion.com\/index.php\/2024\/02\/22\/la-depresion\/\" class=\"jkit-readmore\"><svg aria-hidden=\"true\" class=\"e-font-icon-svg e-fas-caret-right\" viewBox=\"0 0 192 512\" xmlns=\"http:\/\/www.w3.org\/2000\/svg\"><path d=\"M0 384.662V127.338c0-17.818 21.543-26.741 34.142-14.142l128.662 128.662c7.81 7.81 7.81 20.474 0 28.284L34.142 398.804C21.543 411.404 0 402.48 0 384.662z\"><\/path><\/svg>Leer m\u00e1s<\/a>\n            <\/div>\n\t\t\t\t\t\t<\/div><\/div>\n                <\/article><article class=\"jkit-post post-375 post type-post status-publish format-standard has-post-thumbnail hentry category-articulo\">\n                    <div class=\"jkit-thumb\"><a href=\"https:\/\/soyreflexion.com\/index.php\/2024\/02\/22\/no-le-temas-al-miedo\/\"><div class=\"thumbnail-container \">\n            <img loading=\"lazy\" decoding=\"async\" width=\"2000\" height=\"2200\" src=\"https:\/\/soyreflexion.com\/wp-content\/uploads\/2024\/02\/sssssaa.png\" class=\"attachment-full size-full wp-post-image\" alt=\"\" srcset=\"https:\/\/soyreflexion.com\/wp-content\/uploads\/2024\/02\/sssssaa.png 2000w, https:\/\/soyreflexion.com\/wp-content\/uploads\/2024\/02\/sssssaa-273x300.png 273w, https:\/\/soyreflexion.com\/wp-content\/uploads\/2024\/02\/sssssaa-931x1024.png 931w, https:\/\/soyreflexion.com\/wp-content\/uploads\/2024\/02\/sssssaa-768x845.png 768w, https:\/\/soyreflexion.com\/wp-content\/uploads\/2024\/02\/sssssaa-1396x1536.png 1396w, https:\/\/soyreflexion.com\/wp-content\/uploads\/2024\/02\/sssssaa-1862x2048.png 1862w, https:\/\/soyreflexion.com\/wp-content\/uploads\/2024\/02\/sssssaa-600x660.png 600w\" sizes=\"(max-width: 2000px) 100vw, 2000px\" \/>\n        <\/div><\/a><div class=\"jkit-post-category position-left\"><span><a href=\"https:\/\/soyreflexion.com\/index.php\/category\/articulo\/\" class=\"category-articulo\">ARTICULO<\/a><\/span><\/div><\/div>\n                    <div class=\"jkit-postblock-content\"><h3 class=\"jkit-post-title\">\n\t\t\t\t\t\t\t<a href=\"https:\/\/soyreflexion.com\/index.php\/2024\/02\/22\/no-le-temas-al-miedo\/\">No le temas al Miedo<\/a>\n\t\t\t\t\t\t<\/h3><div class=\"jkit-post-excerpt\"><p>La definici\u00f3n del miedo es sentir una emoci\u00f3n de ansiedad o preocupaci\u00f3n por algo percibido como real. Aunque el miedo es una emoci\u00f3n desagradable, ten<\/p><\/div><div class=\"jkit-post-meta-bottom\">\n\t\t\t\t\t\t\t<div class=\"jkit-meta-readmore icon-position-before\">\n                <a href=\"https:\/\/soyreflexion.com\/index.php\/2024\/02\/22\/no-le-temas-al-miedo\/\" class=\"jkit-readmore\"><svg aria-hidden=\"true\" class=\"e-font-icon-svg e-fas-caret-right\" viewBox=\"0 0 192 512\" xmlns=\"http:\/\/www.w3.org\/2000\/svg\"><path d=\"M0 384.662V127.338c0-17.818 21.543-26.741 34.142-14.142l128.662 128.662c7.81 7.81 7.81 20.474 0 28.284L34.142 398.804C21.543 411.404 0 402.48 0 384.662z\"><\/path><\/svg>Leer m\u00e1s<\/a>\n            <\/div>\n\t\t\t\t\t\t<\/div><\/div>\n                <\/article>\n        <\/div><div class=\"jkit-preloader-overlay\">\n\t\t\t\t\t<div class=\"jkit-preloader-type jkit-preloader-dot\">\n\t\t\t\t\t\t<div class=\"jkit-preloader\">\n\t\t\t\t\t\t\t<span><\/span><span><\/span><span><\/span>\n\t\t\t\t\t\t<\/div>\n\t\t\t\t\t<\/div>\n\t\t\t\t<\/div><\/div><div class=\"jkit-block-pagination jkit-align\"><div class=\"jkit-pagination-button jkit-block-nextprev jkit-nextprev-edge\">\n\t\t\t\t\t\t<a href=\"#\" class=\"prev disabled\" title=\"Previous\"><i aria-hidden=\"true\" class=\"jki jki-angle-left-solid\"><\/i><\/a>\n\t\t\t\t\t\t<a href=\"#\" class=\"next \" title=\"Next\"><i aria-hidden=\"true\" class=\"jki jki-angle-right-solid\"><\/i><\/a>\n\t\t\t\t\t<\/div><\/div><\/div>\t\t<\/div>\n\t\t\t\t<\/div>\n\t\t\t\t\t<\/div>\n\t\t<\/div>\n\t\t\t\t\t<\/div>\n\t\t<\/section>\n\t\t\t\t<\/div>\n\t\t","protected":false},"excerpt":{"rendered":"<p>ARTICULOS SECCI\u00d3N DE Art\u00edculo \u00a1Bienvenido a nuestra secci\u00f3n de art\u00edculos, donde la inspiraci\u00f3n y la reflexi\u00f3n se entrelazan! Explora una variedad de temas dise\u00f1ados para nutrir tu mente, cuerpo y esp\u00edritu edit post ARTICULO \u00bfC\u00d3MO LLEVAR A CABO NUESTRAS METAS? Lo primero que se debe hacer para llevar a cabo nuestras metas, es saber que [&hellip;]<\/p>\n","protected":false},"author":1,"featured_media":0,"parent":0,"menu_order":0,"comment_status":"closed","ping_status":"closed","template":"elementor_header_footer","meta":{"footnotes":""},"class_list":["post-281","page","type-page","status-publish","hentry"],"jetpack_sharing_enabled":true,"_links":{"self":[{"href":"https:\/\/soyreflexion.com\/index.php\/wp-json\/wp\/v2\/pages\/281","targetHints":{"allow":["GET"]}}],"collection":[{"href":"https:\/\/soyreflexion.com\/index.php\/wp-json\/wp\/v2\/pages"}],"about":[{"href":"https:\/\/soyreflexion.com\/index.php\/wp-json\/wp\/v2\/types\/page"}],"author":[{"embeddable":true,"href":"https:\/\/soyreflexion.com\/index.php\/wp-json\/wp\/v2\/users\/1"}],"replies":[{"embeddable":true,"href":"https:\/\/soyreflexion.com\/index.php\/wp-json\/wp\/v2\/comments?post=281"}],"version-history":[{"count":16,"href":"https:\/\/soyreflexion.com\/index.php\/wp-json\/wp\/v2\/pages\/281\/revisions"}],"predecessor-version":[{"id":612,"href":"https:\/\/soyreflexion.com\/index.php\/wp-json\/wp\/v2\/pages\/281\/revisions\/612"}],"wp:attachment":[{"href":"https:\/\/soyreflexion.com\/index.php\/wp-json\/wp\/v2\/media?parent=281"}],"curies":[{"name":"wp","href":"https:\/\/api.w.org\/{rel}","templated":true}]}}